
{"id":15460,"date":"2022-06-29T12:15:19","date_gmt":"2022-06-29T11:15:19","guid":{"rendered":"https:\/\/www.drhv06.de\/?page_id=15460"},"modified":"2022-06-29T12:15:19","modified_gmt":"2022-06-29T11:15:19","slug":"teilnahmebedingungen-fuer-social-media-gewinnspiele","status":"publish","type":"page","link":"https:\/\/dessounds.ddnss.de\/drhv06\/teilnahmebedingungen-fuer-social-media-gewinnspiele\/","title":{"rendered":"Teilnahmebedingungen f\u00fcr Social-Media-Gewinnspiele der Sport Marketing Dessau-Ro\u00dflau GmbH"},"content":{"rendered":"<p>(1) Das Gewinnspiel startet und endet \u2013 sofern nichts anderes genannt ist \u2013 zum angegebenen Zeitpunkt der Ver\u00f6ffentlichung des Posts im Social-Media-Kanal und endet am Tag der Ver\u00f6ffentlichung um 24 Uhr.<\/p>\n<p>(2) Teilnahmeberechtigt sind Personen, die bei der Teilnahme mindestens 18 Jahre alt.<\/p>\n<p>(3) Die Teilnahme ist nur unter Annahme der hier genannten Gewinnspielbedingungen m\u00f6glich. Mit der Teilnahme am Gewinnspiel werden diese Bedingungen anerkannt.<\/p>\n<p>(4) Die Teilnahme muss aktiv erfolgen. Die genaue Form der Teilnahme ist in den einzelnen Gewinnspielbeitr\u00e4gen ausgewiesen. Jeder Teilnehmer kann nur einmal pro Gewinnspiel an der Verlosung teilnehmen. Die Gewinne werden unter allen zur Teilnahme berechtigten Teilnehmern verlost.<\/p>\n<p>(5) Die Teilnahme am Gewinnspiel ist kostenlos.<\/p>\n<p>(6) Die Teilnahme ist weder vom Erwerb einer Ware noch von der Inanspruchnahme einer Dienstleistung der Sport Marketing Dessau-Ro\u00dflau GmbH abh\u00e4ngig. Der Erwerb einer Ware oder die Inanspruchnahme einer Dienstleistung erh\u00f6hen die Gewinnchancen nicht.<\/p>\n<p>(7) Die Teilnahme beinhaltet das Einverst\u00e4ndnis zur Nennung des Vor- und Nachnamens des Teilnehmers auf den Social-Media-Kan\u00e4len des DRHV 06 f\u00fcr den Gewinnfall. \u2013 Die Sport Marketing Dessau-Ro\u00dflau GmbH ist berechtigt, den Namen der Gewinner in allen Funk- und Pressemedien zu ver\u00f6ffentlichen.<\/p>\n<p>(8) Mit der Teilnahme erkennt der Teilnehmer \/ die Teilnehmerin an, dass eingereichte Fotos oder Bilder ver\u00f6ffentlicht werden d\u00fcrfen. Der Teilnehmer garantiert, Inhaber aller Nutzungs- und Leistungsschutzrechte (insbesondere aber nicht abschlie\u00dfend Urheber- oder Markenrechte) an dem Text, Bild zu sein und dass dieser bzw. dieses unbelastet von Anspr\u00fcchen Dritter ist. Dar\u00fcber hinaus garantiert er, dass er die Rechte aller auf der Aufnahme zu sehenden und zu h\u00f6renden Personen, insbesondere das Recht am eigenen Bild und sonstige Pers\u00f6nlichkeitsrechte, beachtet und dass alle diese Personen mit dem Hochladen, der Ver\u00f6ffentlichung der Aufnahme sowie der Nutzung einverstanden sind. Dies betrifft alle Personen, die auf den Aufnahmen zu sehen sind, auch wenn z.B. eine Person nur zuf\u00e4llig im Hintergrund der Aufnahme zu erkennen ist.<\/p>\n<p>(9) Die Sport Marketing Dessau-Ro\u00dflau GmbH beh\u00e4lt sich vor, einzelne Teilnehmer vom Gewinnspiel auszuschlie\u00dfen, sofern der Beitrag Beleidigungen, falsche Tatsachen, Wettbewerbs-, Marken- oder Urheberrechtsverst\u00f6\u00dfe enth\u00e4lt. Entsprechende Beitr\u00e4ge werden ohne Vorank\u00fcndigung gel\u00f6scht.<\/p>\n<p>(10) Der Gewinner\/ die Gewinnerin wird nach Gewinnspielende nach dem Zufallsprinzip ermittelt.<\/p>\n<p>(11) Der Gewinner \/ die Gewinnerin wird von der Sport Marketing Dessau-Ro\u00dflau GmbH per \u00f6ffentlicher Mitteilung unter dem Gewinnspielposting oder in einem gesonderten Posting zum Gewinnspiel benachrichtigt. Sollte sich ein Gewinner innerhalb von 10 Arbeitstagen nach der Benachrichtigung nicht zur Entgegennahme seines Gewinnes melden (z.B. per Facebook-Direktnachricht an den Veranstalter, DRHV 06) verf\u00e4llt der Gewinn und es wird ein Ersatzgewinner ermittelt.<\/p>\n<p>(12) Eine Barauszahlung des Gewinns ist nicht m\u00f6glich. Der Gewinn ist nicht an Dritte \u00fcbertragbar.<\/p>\n<p>(13) Wir behalten uns vor, das Gewinnspiel ganz oder teilweise ohne Vorank\u00fcndigung und ohne Angabe von Gr\u00fcnden ganz oder teilweise zu \u00e4ndern oder abzubrechen. Dies gilt insbesondere, wenn:<br \/>\n\u2022 der Social-Media-Kanal die Beendigungen so \u00e4ndert, dass eine Durchf\u00fchrung des Wettbewerbs gem\u00e4\u00df den vorgegebenen Richtlinien nicht mehr m\u00f6glich w\u00e4re<br \/>\n\u2022 das Gewinnspiel durch Manipulationsversuche behindert oder verf\u00e4lscht wird<br \/>\n\u2022 die Durchf\u00fchrung auf Grund von rechtlichen oder technischen Problemen nicht mehr sichergestellt werden kann.<\/p>\n<p>(14) Sofern im Rahmen des Gewinnspiels personenbezogene Daten von Teilnehmern erhoben, verarbeitet und genutzt werden, werden diese von der Sparkasse Gummersbach lediglich zur Durchf\u00fchrung des Gewinnspiels erhoben, verarbeitet oder genutzt und nach Beendigung des Gewinnspiels gel\u00f6scht.<\/p>\n<p>(15) S\u00e4mtliche Fragen, Kommentare oder Beschwerden zur Verlosung sind ausschlie\u00dflich an die Sport Marketing Dessau-Ro\u00dflau GmbH und nicht an den Social-Media-Kanal zu richten. Diese Aktion steht in keiner Verbindung zu dem Social-Media-Kanal und wird in keiner Weise von dem Social-Media-Kanal gesponsert, unterst\u00fctzt oder organisiert. Der Empf\u00e4nger der vom Einsender bereitgestellten Informationen ist allein die Sport Marketing Dessau-Ro\u00dflau GmbH, die die bereitgestellten Informationen einzig f\u00fcr die Teilnahme an der Aktion verwendet.<\/p>\n<p>(16) Die Verlosung unterliegt ausschlie\u00dflich dem Recht der Bundesrepublik Deutschland.<\/p>\n<p>(17) Der Rechtsweg ist ausgeschlossen.<\/p>\n<p>(18) Der Teilnehmer kann seine erkl\u00e4rte Einwilligung zur Verwendung von personenbezogenen Daten jederzeit widerrufen. Der Widerruf ist schriftlich an die im Impressum angegebene Anschrift der Sport Marketing Dessau-Ro\u00dflau GmbH zu richten. Nach Widerruf der Einwilligung werden die erhobenen und gespeicherten personenbezogenen Daten des Teilnehmers umgehend gel\u00f6scht. Eine Teilnahme am Gewinnspiel ist dann nicht mehr m\u00f6glich.<\/p>\n<p>(19) Reine Gewinnspiel-Accounts sind von der Teilnahme ausgeschlossen.<\/p>\n<p>Dessau-Ro\u00dflau, im Juli 2022,<\/p>\n<p>Sport Marketing Dessau-Ro\u00dflau GmbH<\/p>\n<p>Stand: 01.07.2022<\/p>\n","protected":false},"excerpt":{"rendered":"<p>(1) Das Gewinnspiel startet und endet \u2013 sofern nichts anderes genannt ist \u2013 zum angegebenen Zeitpunkt der Ver\u00f6ffentlichung des Posts im Social-Media-Kanal und endet am Tag der Ver\u00f6ffentlichung um 24 Uhr. (2) Teilnahmeberechtigt sind Personen, die bei der Teilnahme mindestens 18 Jahre alt. (3) Die Teilnahme ist nur unter Annahme der hier genannten Gewinnspielbedingungen m\u00f6glich.&hellip;<\/p>\n","protected":false},"author":6,"featured_media":0,"parent":0,"menu_order":0,"comment_status":"closed","ping_status":"closed","template":"","meta":{"_acf_changed":false,"footnotes":""},"class_list":["post-15460","page","type-page","status-publish","hentry","description-off"],"acf":[],"_links":{"self":[{"href":"https:\/\/dessounds.ddnss.de\/drhv06\/wp-json\/wp\/v2\/pages\/15460","targetHints":{"allow":["GET"]}}],"collection":[{"href":"https:\/\/dessounds.ddnss.de\/drhv06\/wp-json\/wp\/v2\/pages"}],"about":[{"href":"https:\/\/dessounds.ddnss.de\/drhv06\/wp-json\/wp\/v2\/types\/page"}],"author":[{"embeddable":true,"href":"https:\/\/dessounds.ddnss.de\/drhv06\/wp-json\/wp\/v2\/users\/6"}],"replies":[{"embeddable":true,"href":"https:\/\/dessounds.ddnss.de\/drhv06\/wp-json\/wp\/v2\/comments?post=15460"}],"version-history":[{"count":0,"href":"https:\/\/dessounds.ddnss.de\/drhv06\/wp-json\/wp\/v2\/pages\/15460\/revisions"}],"wp:attachment":[{"href":"https:\/\/dessounds.ddnss.de\/drhv06\/wp-json\/wp\/v2\/media?parent=15460"}],"curies":[{"name":"wp","href":"https:\/\/api.w.org\/{rel}","templated":true}]}}