
{"id":2775,"date":"2019-06-20T22:59:37","date_gmt":"2019-06-20T21:59:37","guid":{"rendered":"https:\/\/www.drhv06.de\/?page_id=2775"},"modified":"2024-12-05T12:47:41","modified_gmt":"2024-12-05T11:47:41","slug":"team","status":"publish","type":"page","link":"https:\/\/dessounds.ddnss.de\/drhv06\/a-jugend-w\/team\/","title":{"rendered":"A-Jugend W &#8211; Team"},"content":{"rendered":"<div class=\"wpb-content-wrapper\"><p>[vc_row][vc_column][vc_single_image image=&#8220;27296&#8243; img_size=&#8220;full&#8220; alignment=&#8220;center&#8220; css=&#8220;&#8220; image_hovers=&#8220;false&#8220; lazy_loading=&#8220;true&#8220;][\/vc_column][\/vc_row][vc_row][vc_column]<div class=\"dt-fancy-separator title-left h2-size\" style=\"width: 100%;\"><div class=\"dt-fancy-title\"><span class=\"separator-holder separator-left\"><\/span>Kader<span class=\"separator-holder separator-right\"><\/span><\/div><\/div>[vc_column_text css=&#8220;&#8220;]<\/p>\n<table style=\"width: 100.078%;height: 308px\">\n<thead>\n<tr style=\"height: 22px\">\n<th style=\"width: 47.5308%;text-align: left;height: 22px\">Name<\/th>\n<th style=\"text-align: left;width: 45.5583%;height: 22px\">Vorname<\/th>\n<th style=\"width: 1.79211%;height: 22px;text-align: center\">Position<\/th>\n<th style=\"width: 16.4866%;height: 22px\"><\/th>\n<th style=\"text-align: left;width: 13.3733%;height: 22px\"><\/th>\n<\/tr>\n<\/thead>\n<tbody>\n<tr style=\"height: 22px\">\n<td style=\"width: 47.5308%;text-align: left;height: 22px\">Elsper<\/td>\n<td style=\"width: 45.5583%;text-align: left;height: 22px\">Emilie<\/td>\n<td style=\"width: 1.79211%;height: 22px;text-align: center\">TW<\/td>\n<td style=\"width: 16.4866%;height: 22px\"><\/td>\n<td style=\"width: 13.3733%;height: 22px\"><\/td>\n<\/tr>\n<tr style=\"height: 22px\">\n<td style=\"width: 47.5308%;text-align: left;height: 22px\">Bo\u00dfmann<\/td>\n<td style=\"width: 45.5583%;text-align: left;height: 22px\">Johanna<\/td>\n<td style=\"width: 1.79211%;height: 22px;text-align: center\">KM<\/td>\n<td style=\"width: 16.4866%;height: 22px\"><\/td>\n<td style=\"width: 13.3733%;height: 22px\"><\/td>\n<\/tr>\n<tr style=\"height: 22px\">\n<td style=\"width: 47.5308%;text-align: left;height: 22px\">K\u00f6rting<\/td>\n<td style=\"width: 45.5583%;text-align: left;height: 22px\">Lea Sophie<\/td>\n<td style=\"width: 1.79211%;height: 22px;text-align: center\">KM<\/td>\n<td style=\"width: 16.4866%;height: 22px\"><\/td>\n<td style=\"width: 13.3733%;height: 22px\"><\/td>\n<\/tr>\n<tr style=\"height: 22px\">\n<td style=\"width: 47.5308%;text-align: left;height: 22px\">B\u00f6hme<\/td>\n<td style=\"width: 45.5583%;text-align: left;height: 22px\">Milla<\/td>\n<td style=\"width: 1.79211%;height: 22px;text-align: center\">RL, RR<\/td>\n<td style=\"width: 16.4866%;height: 22px\"><\/td>\n<td style=\"width: 13.3733%;height: 22px\"><\/td>\n<\/tr>\n<tr style=\"height: 22px\">\n<td style=\"width: 47.5308%;text-align: left;height: 22px\">Fritze<\/td>\n<td style=\"width: 45.5583%;text-align: left;height: 22px\">Johanna<\/td>\n<td style=\"width: 1.79211%;height: 22px;text-align: center\">RL, RM<\/td>\n<td style=\"width: 16.4866%;height: 22px\"><\/td>\n<td style=\"width: 13.3733%;height: 22px\"><\/td>\n<\/tr>\n<tr style=\"height: 22px\">\n<td style=\"width: 47.5308%;text-align: left;height: 22px\">Rosenkranz<\/td>\n<td style=\"width: 45.5583%;text-align: left;height: 22px\">Klara-Sophie<\/td>\n<td style=\"width: 1.79211%;height: 22px;text-align: center\">RL, RM<\/td>\n<td style=\"width: 16.4866%;height: 22px\"><\/td>\n<td style=\"width: 13.3733%;height: 22px\"><\/td>\n<\/tr>\n<tr style=\"height: 22px\">\n<td style=\"width: 47.5308%;text-align: left;height: 22px\">Meyer<\/td>\n<td style=\"width: 45.5583%;text-align: left;height: 22px\">Anni<\/td>\n<td style=\"width: 1.79211%;height: 22px;text-align: center\">RL, RR<\/td>\n<td style=\"width: 16.4866%;height: 22px\"><\/td>\n<td style=\"width: 13.3733%;height: 22px\"><\/td>\n<\/tr>\n<tr style=\"height: 22px\">\n<td style=\"width: 47.5308%;text-align: left;height: 22px\">Klumb<\/td>\n<td style=\"width: 45.5583%;text-align: left;height: 22px\">Emma<\/td>\n<td style=\"width: 1.79211%;height: 22px;text-align: center\">RL, RR<\/td>\n<td style=\"width: 16.4866%;height: 22px\"><\/td>\n<td style=\"width: 13.3733%;height: 22px\"><\/td>\n<\/tr>\n<tr style=\"height: 22px\">\n<td style=\"width: 47.5308%;text-align: left;height: 22px\">Fromm<\/td>\n<td style=\"width: 45.5583%;text-align: left;height: 22px\">Mia-Celina<\/td>\n<td style=\"width: 1.79211%;height: 22px;text-align: center\">RL, LA<\/td>\n<td style=\"width: 16.4866%;height: 22px\"><\/td>\n<td style=\"width: 13.3733%;height: 22px\"><\/td>\n<\/tr>\n<tr style=\"height: 22px\">\n<td style=\"width: 47.5308%;text-align: left;height: 22px\">Fritze<\/td>\n<td style=\"width: 45.5583%;text-align: left;height: 22px\">Josephine<\/td>\n<td style=\"width: 1.79211%;height: 22px;text-align: center\">RR, RA<\/td>\n<td style=\"width: 16.4866%;height: 22px\"><\/td>\n<td style=\"width: 13.3733%;height: 22px\"><\/td>\n<\/tr>\n<tr style=\"height: 22px\">\n<td style=\"width: 47.5308%;text-align: left;height: 22px\">Heinrich<\/td>\n<td style=\"width: 45.5583%;text-align: left;height: 22px\">Lea<\/td>\n<td style=\"width: 1.79211%;height: 22px;text-align: center\">RA<\/td>\n<td style=\"width: 16.4866%;height: 22px\"><\/td>\n<td style=\"width: 13.3733%;height: 22px\"><\/td>\n<\/tr>\n<tr style=\"height: 22px\">\n<td style=\"width: 47.5308%;text-align: left;height: 22px\">M\u00f6ckel<\/td>\n<td style=\"width: 45.5583%;text-align: left;height: 22px\">Paula<\/td>\n<td style=\"width: 1.79211%;height: 22px;text-align: center\">LA<\/td>\n<td style=\"width: 16.4866%;height: 22px\"><\/td>\n<td style=\"width: 13.3733%;height: 22px\"><\/td>\n<\/tr>\n<tr style=\"height: 22px\">\n<td style=\"width: 47.5308%;text-align: left;height: 22px\">Sefcik<\/td>\n<td style=\"width: 45.5583%;text-align: left;height: 22px\">Alina<\/td>\n<td style=\"width: 1.79211%;height: 22px;text-align: center\">LA<\/td>\n<td style=\"width: 16.4866%;height: 22px\"><\/td>\n<td style=\"width: 13.3733%;height: 22px\"><\/td>\n<\/tr>\n<\/tbody>\n<\/table>\n<p>[\/vc_column_text][\/vc_column][\/vc_row][vc_row][vc_column]<div class=\"dt-fancy-separator title-left h2-size\" style=\"width: 100%;\"><div class=\"dt-fancy-title\"><span class=\"separator-holder separator-left\"><\/span>Foto-Galerie<span class=\"separator-holder separator-right\"><\/span><\/div><\/div><div class=\"wf-container dt-gallery-container dt-photos-shortcode loading-effect-none iso-grid jg-container description-on-hover hover-style-two hover-fade content-align-centre\" data-padding=\"20px\" data-cur-page=\"1\" data-target-height=\"240px\" data-pretty-share=\"facebook,twitter,whatsapp,linkedin,pinterest\"><div class=\"wf-cell\" data-post-id=\"19293\" data-date=\"2023-03-13T12:03:46+01:00\" data-name=\"Justus Heinrich beim Mini-Turnier in Zerbst 2023.\">\n<article class=\"post post-19293 attachment type-attachment status-inherit hentry no-img description-off\">\n\n\t<figure class=\"rollover-project links-hovers-disabled\">\n\t<a href=\"https:\/\/dessounds.ddnss.de\/drhv06\/wp-content\/uploads\/2023\/03\/Mini-Turnier-Zerbst-01.jpg\" class=\"rollover rollover-zoom dt-pswp-item layzr-bg\" title=\"Justus Heinrich beim Mini-Turnier in Zerbst 2023.\" data-dt-img-description=\"Justus Heinrich beim Mini-Turnier in Zerbst 2023.\"  data-large_image_width=\"1920\" data-large_image_height = \"1080\"  data-dt-location=\"https:\/\/dessounds.ddnss.de\/drhv06\/2023\/03\/erfolgreiches-turnier-fuer-unsere-mini-biber-in-zerbst\/mini-turnier-zerbst-01\/\" ><img fetchpriority=\"high\" decoding=\"async\" class=\"preload-me jgrid-lazy-load aspect\" src=\"data:image\/svg+xml,%3Csvg%20xmlns%3D&#39;http%3A%2F%2Fwww.w3.org%2F2000%2Fsvg&#39;%20viewBox%3D&#39;0%200%20555%20312&#39;%2F%3E\" data-src=\"https:\/\/dessounds.ddnss.de\/drhv06\/wp-content\/uploads\/2023\/03\/Mini-Turnier-Zerbst-01-555x312.jpg\" data-srcset=\"https:\/\/dessounds.ddnss.de\/drhv06\/wp-content\/uploads\/2023\/03\/Mini-Turnier-Zerbst-01-555x312.jpg 555w, https:\/\/dessounds.ddnss.de\/drhv06\/wp-content\/uploads\/2023\/03\/Mini-Turnier-Zerbst-01-1110x624.jpg 1110w\" loading=\"eager\" style=\"--ratio: 555 \/ 312\" sizes=\"(max-width: 555px) 100vw, 555px\" alt=\"Bild vom Mini-Turnier in Zerbst 2023.\" width=\"555\" height=\"312\"  \/><\/a>\t<\/figure>\n<\/article>\n\n<\/div><div class=\"wf-cell\" data-post-id=\"19292\" data-date=\"2023-03-13T12:01:58+01:00\" data-name=\"Mini-Turnier-Zerbst\">\n<article class=\"post post-19292 attachment type-attachment status-inherit hentry no-img description-off\">\n\n\t<figure class=\"rollover-project links-hovers-disabled\">\n\t<a href=\"https:\/\/dessounds.ddnss.de\/drhv06\/wp-content\/uploads\/2023\/03\/Mini-Turnier-Zerbst.jpg\" class=\"rollover rollover-zoom dt-pswp-item layzr-bg\" title=\"Mini-Turnier-Zerbst\" data-dt-img-description=\"Mini-Turnier in Zerbst I M\u00e4rz 2023\"  data-large_image_width=\"1920\" data-large_image_height = \"1080\"  data-dt-location=\"https:\/\/dessounds.ddnss.de\/drhv06\/2023\/03\/erfolgreiches-turnier-fuer-unsere-mini-biber-in-zerbst\/mini-turnier-zerbst\/\" ><img decoding=\"async\" class=\"preload-me jgrid-lazy-load aspect\" src=\"data:image\/svg+xml,%3Csvg%20xmlns%3D&#39;http%3A%2F%2Fwww.w3.org%2F2000%2Fsvg&#39;%20viewBox%3D&#39;0%200%20555%20312&#39;%2F%3E\" data-src=\"https:\/\/dessounds.ddnss.de\/drhv06\/wp-content\/uploads\/2023\/03\/Mini-Turnier-Zerbst-555x312.jpg\" data-srcset=\"https:\/\/dessounds.ddnss.de\/drhv06\/wp-content\/uploads\/2023\/03\/Mini-Turnier-Zerbst-555x312.jpg 555w, https:\/\/dessounds.ddnss.de\/drhv06\/wp-content\/uploads\/2023\/03\/Mini-Turnier-Zerbst-1110x624.jpg 1110w\" loading=\"eager\" style=\"--ratio: 555 \/ 312\" sizes=\"(max-width: 555px) 100vw, 555px\" alt=\"Mini-Turnier in Zerbst I M\u00e4rz 2023\" width=\"555\" height=\"312\"  \/><\/a>\t<\/figure>\n<\/article>\n\n<\/div><div class=\"wf-cell\" data-post-id=\"19414\" data-date=\"2023-03-20T09:40:09+01:00\" data-name=\"Spielberich-A-Jugend-b\u00f6rde\">\n<article class=\"post post-19414 attachment type-attachment status-inherit hentry no-img description-off\">\n\n\t<figure class=\"rollover-project links-hovers-disabled\">\n\t<a href=\"https:\/\/dessounds.ddnss.de\/drhv06\/wp-content\/uploads\/2023\/03\/Spielberich-A-Jugend-boerde.jpg\" class=\"rollover rollover-zoom dt-pswp-item layzr-bg\" title=\"Spielberich-A-Jugend-b\u00f6rde\" data-dt-img-description=\"A-Jugend in der Saison 2022\/2023 \"  data-large_image_width=\"1920\" data-large_image_height = \"1080\"  data-dt-location=\"https:\/\/dessounds.ddnss.de\/drhv06\/2023\/03\/konzentrierte-zweite-halbzeit-beschert-a-jugend-naechsten-sieg\/spielberich-a-jugend-boerde\/\" ><img decoding=\"async\" class=\"preload-me jgrid-lazy-load aspect\" src=\"data:image\/svg+xml,%3Csvg%20xmlns%3D&#39;http%3A%2F%2Fwww.w3.org%2F2000%2Fsvg&#39;%20viewBox%3D&#39;0%200%20555%20312&#39;%2F%3E\" data-src=\"https:\/\/dessounds.ddnss.de\/drhv06\/wp-content\/uploads\/2023\/03\/Spielberich-A-Jugend-boerde-555x312.jpg\" data-srcset=\"https:\/\/dessounds.ddnss.de\/drhv06\/wp-content\/uploads\/2023\/03\/Spielberich-A-Jugend-boerde-555x312.jpg 555w, https:\/\/dessounds.ddnss.de\/drhv06\/wp-content\/uploads\/2023\/03\/Spielberich-A-Jugend-boerde-1110x624.jpg 1110w\" loading=\"eager\" style=\"--ratio: 555 \/ 312\" sizes=\"(max-width: 555px) 100vw, 555px\" alt=\"A-Jugend in der Saison 2022\/2023\" width=\"555\" height=\"312\"  \/><\/a>\t<\/figure>\n<\/article>\n\n<\/div><div class=\"wf-cell\" data-post-id=\"19947\" data-date=\"2023-04-19T09:53:10+02:00\" data-name=\"Mini-Biber-Turnier-K\u00f6then\">\n<article class=\"post post-19947 attachment type-attachment status-inherit hentry no-img description-off\">\n\n\t<figure class=\"rollover-project links-hovers-disabled\">\n\t<a href=\"https:\/\/dessounds.ddnss.de\/drhv06\/wp-content\/uploads\/2023\/04\/Mini-Biber-Turnier-Koethen.jpg\" class=\"rollover rollover-zoom dt-pswp-item layzr-bg\" title=\"Mini-Biber-Turnier-K\u00f6then\" data-dt-img-description=\"Mini-Biber in K\u00f6then \n04\/2023\"  data-large_image_width=\"1920\" data-large_image_height = \"1080\"  data-dt-location=\"https:\/\/dessounds.ddnss.de\/drhv06\/2023\/04\/jungtalente-zeigen-in-koethen-ihr-koennen\/mini-biber-turnier-koethen\/\" ><img decoding=\"async\" class=\"preload-me jgrid-lazy-load aspect\" src=\"data:image\/svg+xml,%3Csvg%20xmlns%3D&#39;http%3A%2F%2Fwww.w3.org%2F2000%2Fsvg&#39;%20viewBox%3D&#39;0%200%20555%20312&#39;%2F%3E\" data-src=\"https:\/\/dessounds.ddnss.de\/drhv06\/wp-content\/uploads\/2023\/04\/Mini-Biber-Turnier-Koethen-555x312.jpg\" data-srcset=\"https:\/\/dessounds.ddnss.de\/drhv06\/wp-content\/uploads\/2023\/04\/Mini-Biber-Turnier-Koethen-555x312.jpg 555w, https:\/\/dessounds.ddnss.de\/drhv06\/wp-content\/uploads\/2023\/04\/Mini-Biber-Turnier-Koethen-1110x624.jpg 1110w\" loading=\"eager\" style=\"--ratio: 555 \/ 312\" sizes=\"(max-width: 555px) 100vw, 555px\" alt=\"Mini-Biber in K\u00f6then 04\/2023\" width=\"555\" height=\"312\"  \/><\/a>\t<\/figure>\n<\/article>\n\n<\/div><div class=\"wf-cell\" data-post-id=\"20041\" data-date=\"2023-04-25T15:06:58+02:00\" data-name=\"A-Jugend-Burgenland\">\n<article class=\"post post-20041 attachment type-attachment status-inherit hentry no-img description-off\">\n\n\t<figure class=\"rollover-project links-hovers-disabled\">\n\t<a href=\"https:\/\/dessounds.ddnss.de\/drhv06\/wp-content\/uploads\/2023\/04\/A-Jugend-Burgenland-1.jpg\" class=\"rollover rollover-zoom dt-pswp-item layzr-bg\" title=\"A-Jugend-Burgenland\" data-dt-img-description=\"A-Jugend in der Sachsen-Anhalt-Liga 2022\/2023\"  data-large_image_width=\"1920\" data-large_image_height = \"1080\"  data-dt-location=\"https:\/\/dessounds.ddnss.de\/drhv06\/2023\/04\/a-jugend-bleibt-nach-sieg-weiter-im-rennen-um-den-landesmeistertitel\/a-jugend-burgenland\/\" ><img decoding=\"async\" class=\"preload-me jgrid-lazy-load aspect\" src=\"data:image\/svg+xml,%3Csvg%20xmlns%3D&#39;http%3A%2F%2Fwww.w3.org%2F2000%2Fsvg&#39;%20viewBox%3D&#39;0%200%20555%20312&#39;%2F%3E\" data-src=\"https:\/\/dessounds.ddnss.de\/drhv06\/wp-content\/uploads\/2023\/04\/A-Jugend-Burgenland-1-555x312.jpg\" data-srcset=\"https:\/\/dessounds.ddnss.de\/drhv06\/wp-content\/uploads\/2023\/04\/A-Jugend-Burgenland-1-555x312.jpg 555w, https:\/\/dessounds.ddnss.de\/drhv06\/wp-content\/uploads\/2023\/04\/A-Jugend-Burgenland-1-1110x624.jpg 1110w\" loading=\"eager\" style=\"--ratio: 555 \/ 312\" sizes=\"(max-width: 555px) 100vw, 555px\" alt=\"A-Jugend in der Sachsen-Anhalt-Liga 2022\/2023\" width=\"555\" height=\"312\"  \/><\/a>\t<\/figure>\n<\/article>\n\n<\/div><div class=\"wf-cell\" data-post-id=\"20119\" data-date=\"2023-05-03T14:19:59+02:00\" data-name=\"Vorbericht-Westeregeln\">\n<article class=\"post post-20119 attachment type-attachment status-inherit hentry no-img description-off\">\n\n\t<figure class=\"rollover-project links-hovers-disabled\">\n\t<a href=\"https:\/\/dessounds.ddnss.de\/drhv06\/wp-content\/uploads\/2023\/05\/Vorbericht-Westeregeln.jpg\" class=\"rollover rollover-zoom dt-pswp-item layzr-bg\" title=\"Vorbericht-Westeregeln\" data-dt-img-description=\"m\u00e4nnliche A-Jugend in der Saison 2022\/2023\"  data-large_image_width=\"1920\" data-large_image_height = \"1080\"  data-dt-location=\"https:\/\/dessounds.ddnss.de\/drhv06\/2023\/05\/maennliche-a-jugend-vor-xxl-saisonfinale-in-westeregeln\/vorbericht-westeregeln\/\" ><img decoding=\"async\" class=\"preload-me jgrid-lazy-load aspect\" src=\"data:image\/svg+xml,%3Csvg%20xmlns%3D&#39;http%3A%2F%2Fwww.w3.org%2F2000%2Fsvg&#39;%20viewBox%3D&#39;0%200%20555%20312&#39;%2F%3E\" data-src=\"https:\/\/dessounds.ddnss.de\/drhv06\/wp-content\/uploads\/2023\/05\/Vorbericht-Westeregeln-555x312.jpg\" data-srcset=\"https:\/\/dessounds.ddnss.de\/drhv06\/wp-content\/uploads\/2023\/05\/Vorbericht-Westeregeln-555x312.jpg 555w, https:\/\/dessounds.ddnss.de\/drhv06\/wp-content\/uploads\/2023\/05\/Vorbericht-Westeregeln-1110x624.jpg 1110w\" loading=\"eager\" style=\"--ratio: 555 \/ 312\" sizes=\"(max-width: 555px) 100vw, 555px\" alt=\"m\u00e4nnliche A-Jugend in der Saison 2022\/2023\" width=\"555\" height=\"312\"  \/><\/a>\t<\/figure>\n<\/article>\n\n<\/div><div class=\"wf-cell\" data-post-id=\"20724\" data-date=\"2023-06-19T13:03:37+02:00\" data-name=\"Beitragsbild-Sommercamp\">\n<article class=\"post post-20724 attachment type-attachment status-inherit hentry no-img description-off\">\n\n\t<figure class=\"rollover-project links-hovers-disabled\">\n\t<a href=\"https:\/\/dessounds.ddnss.de\/drhv06\/wp-content\/uploads\/2023\/06\/Beitragsbild-Sommercamp.jpg\" class=\"rollover rollover-zoom dt-pswp-item layzr-bg\" title=\"Beitragsbild-Sommercamp\" data-dt-img-description=\"Biber-Sommer-Camp 2023\"  data-large_image_width=\"1920\" data-large_image_height = \"1080\"  data-dt-location=\"https:\/\/dessounds.ddnss.de\/drhv06\/2023\/06\/bibercamps-gehen-in-die-naechste-runde\/beitragsbild-sommercamp\/\" ><img decoding=\"async\" class=\"preload-me jgrid-lazy-load aspect\" src=\"data:image\/svg+xml,%3Csvg%20xmlns%3D&#39;http%3A%2F%2Fwww.w3.org%2F2000%2Fsvg&#39;%20viewBox%3D&#39;0%200%20555%20312&#39;%2F%3E\" data-src=\"https:\/\/dessounds.ddnss.de\/drhv06\/wp-content\/uploads\/2023\/06\/Beitragsbild-Sommercamp-555x312.jpg\" data-srcset=\"https:\/\/dessounds.ddnss.de\/drhv06\/wp-content\/uploads\/2023\/06\/Beitragsbild-Sommercamp-555x312.jpg 555w, https:\/\/dessounds.ddnss.de\/drhv06\/wp-content\/uploads\/2023\/06\/Beitragsbild-Sommercamp-1110x624.jpg 1110w\" loading=\"eager\" style=\"--ratio: 555 \/ 312\" sizes=\"(max-width: 555px) 100vw, 555px\" alt=\"Biber-Sommer-Camp 2023\" width=\"555\" height=\"312\"  \/><\/a>\t<\/figure>\n<\/article>\n\n<\/div><div class=\"wf-cell\" data-post-id=\"21453\" data-date=\"2023-08-30T09:07:24+02:00\" data-name=\"Turnier-Calbe-E-Jugend\">\n<article class=\"post post-21453 attachment type-attachment status-inherit hentry no-img description-off\">\n\n\t<figure class=\"rollover-project links-hovers-disabled\">\n\t<a href=\"https:\/\/dessounds.ddnss.de\/drhv06\/wp-content\/uploads\/2023\/08\/Turnier-Calbe-E-Jugend.jpg\" class=\"rollover rollover-zoom dt-pswp-item layzr-bg\" title=\"Turnier-Calbe-E-Jugend\" data-dt-img-description=\"weibliche E-Jugend beim Turnier in Calbe \"  data-large_image_width=\"1920\" data-large_image_height = \"1080\"  data-dt-location=\"https:\/\/dessounds.ddnss.de\/drhv06\/2023\/08\/vorbereitung-der-weiblichen-e-jugend-mit-trainingslager-und-turnier\/turnier-calbe-e-jugend\/\" ><img decoding=\"async\" class=\"preload-me jgrid-lazy-load aspect\" src=\"data:image\/svg+xml,%3Csvg%20xmlns%3D&#39;http%3A%2F%2Fwww.w3.org%2F2000%2Fsvg&#39;%20viewBox%3D&#39;0%200%20555%20312&#39;%2F%3E\" data-src=\"https:\/\/dessounds.ddnss.de\/drhv06\/wp-content\/uploads\/2023\/08\/Turnier-Calbe-E-Jugend-555x312.jpg\" data-srcset=\"https:\/\/dessounds.ddnss.de\/drhv06\/wp-content\/uploads\/2023\/08\/Turnier-Calbe-E-Jugend-555x312.jpg 555w, https:\/\/dessounds.ddnss.de\/drhv06\/wp-content\/uploads\/2023\/08\/Turnier-Calbe-E-Jugend-1110x624.jpg 1110w\" loading=\"eager\" style=\"--ratio: 555 \/ 312\" sizes=\"(max-width: 555px) 100vw, 555px\" alt=\"weibliche E-Jugend beim Turnier in Calbe\" width=\"555\" height=\"312\"  \/><\/a>\t<\/figure>\n<\/article>\n\n<\/div><div class=\"wf-cell\" data-post-id=\"21455\" data-date=\"2023-08-30T09:12:19+02:00\" data-name=\"E-Jugend-Dominos\">\n<article class=\"post post-21455 attachment type-attachment status-inherit hentry no-img description-off\">\n\n\t<figure class=\"rollover-project links-hovers-disabled\">\n\t<a href=\"https:\/\/dessounds.ddnss.de\/drhv06\/wp-content\/uploads\/2023\/08\/E-Jugend-Dominos.jpg\" class=\"rollover rollover-zoom dt-pswp-item layzr-bg\" title=\"E-Jugend-Dominos\" data-dt-img-description=\"E-Jugend bei Dominos Dessau.\"  data-large_image_width=\"1024\" data-large_image_height = \"768\"  data-dt-location=\"https:\/\/dessounds.ddnss.de\/drhv06\/2023\/08\/vorbereitung-der-weiblichen-e-jugend-mit-trainingslager-und-turnier\/e-jugend-dominos\/\" ><img decoding=\"async\" class=\"preload-me jgrid-lazy-load aspect\" src=\"data:image\/svg+xml,%3Csvg%20xmlns%3D&#39;http%3A%2F%2Fwww.w3.org%2F2000%2Fsvg&#39;%20viewBox%3D&#39;0%200%20416%20312&#39;%2F%3E\" data-src=\"https:\/\/dessounds.ddnss.de\/drhv06\/wp-content\/uploads\/2023\/08\/E-Jugend-Dominos-416x312.jpg\" data-srcset=\"https:\/\/dessounds.ddnss.de\/drhv06\/wp-content\/uploads\/2023\/08\/E-Jugend-Dominos-416x312.jpg 416w, https:\/\/dessounds.ddnss.de\/drhv06\/wp-content\/uploads\/2023\/08\/E-Jugend-Dominos-832x624.jpg 832w\" loading=\"eager\" style=\"--ratio: 416 \/ 312\" sizes=\"(max-width: 416px) 100vw, 416px\" alt=\"E-Jugend bei Dominos Dessau.\" width=\"416\" height=\"312\"  \/><\/a>\t<\/figure>\n<\/article>\n\n<\/div><div class=\"wf-cell\" data-post-id=\"21566\" data-date=\"2023-08-31T12:16:18+02:00\" data-name=\"Herbstcamp-Bericht\">\n<article class=\"post post-21566 attachment type-attachment status-inherit hentry no-img description-off\">\n\n\t<figure class=\"rollover-project links-hovers-disabled\">\n\t<a href=\"https:\/\/dessounds.ddnss.de\/drhv06\/wp-content\/uploads\/2023\/08\/Herbstcamp-Bericht.png\" class=\"rollover rollover-zoom dt-pswp-item layzr-bg\" title=\"Herbstcamp-Bericht\" data-dt-img-description=\"Herbst-Camp 2023 Biber-Akademie\"  data-large_image_width=\"1920\" data-large_image_height = \"1080\"  data-dt-location=\"https:\/\/dessounds.ddnss.de\/drhv06\/2023\/08\/bibercamp-in-den-herbstferien-fuer-e-und-d-jugend\/herbstcamp-bericht\/\" ><img decoding=\"async\" class=\"preload-me jgrid-lazy-load aspect\" src=\"data:image\/svg+xml,%3Csvg%20xmlns%3D&#39;http%3A%2F%2Fwww.w3.org%2F2000%2Fsvg&#39;%20viewBox%3D&#39;0%200%20555%20312&#39;%2F%3E\" data-src=\"https:\/\/dessounds.ddnss.de\/drhv06\/wp-content\/uploads\/2023\/08\/Herbstcamp-Bericht-555x312.png\" data-srcset=\"https:\/\/dessounds.ddnss.de\/drhv06\/wp-content\/uploads\/2023\/08\/Herbstcamp-Bericht-555x312.png 555w, https:\/\/dessounds.ddnss.de\/drhv06\/wp-content\/uploads\/2023\/08\/Herbstcamp-Bericht-1110x624.png 1110w\" loading=\"eager\" style=\"--ratio: 555 \/ 312\" sizes=\"(max-width: 555px) 100vw, 555px\" alt=\"Herbst-Camp 2023 Biber-Akademie\" width=\"555\" height=\"312\"  \/><\/a>\t<\/figure>\n<\/article>\n\n<\/div><div class=\"wf-cell\" data-post-id=\"21803\" data-date=\"2023-09-11T12:20:21+02:00\" data-name=\"Beitragsbild-11-09-2023-02\">\n<article class=\"post post-21803 attachment type-attachment status-inherit hentry no-img description-off\">\n\n\t<figure class=\"rollover-project links-hovers-disabled\">\n\t<a href=\"https:\/\/dessounds.ddnss.de\/drhv06\/wp-content\/uploads\/2023\/09\/Beitragsbild-11-09-2023-02.jpg\" class=\"rollover rollover-zoom dt-pswp-item layzr-bg\" title=\"Beitragsbild-11-09-2023-02\" data-dt-img-description=\"Weibliche E-Jugend der JSpG K\u00fchnau\/DRHV06 in der Saison 2023\/2024\"  data-large_image_width=\"1920\" data-large_image_height = \"1080\"  data-dt-location=\"https:\/\/dessounds.ddnss.de\/drhv06\/2023\/09\/vorbereitungsturnier-und-saisonauftakt-geglueckt\/beitragsbild-11-09-2023-02\/\" ><img decoding=\"async\" class=\"preload-me jgrid-lazy-load aspect\" src=\"data:image\/svg+xml,%3Csvg%20xmlns%3D&#39;http%3A%2F%2Fwww.w3.org%2F2000%2Fsvg&#39;%20viewBox%3D&#39;0%200%20555%20312&#39;%2F%3E\" data-src=\"https:\/\/dessounds.ddnss.de\/drhv06\/wp-content\/uploads\/2023\/09\/Beitragsbild-11-09-2023-02-555x312.jpg\" data-srcset=\"https:\/\/dessounds.ddnss.de\/drhv06\/wp-content\/uploads\/2023\/09\/Beitragsbild-11-09-2023-02-555x312.jpg 555w, https:\/\/dessounds.ddnss.de\/drhv06\/wp-content\/uploads\/2023\/09\/Beitragsbild-11-09-2023-02-1110x624.jpg 1110w\" loading=\"eager\" style=\"--ratio: 555 \/ 312\" sizes=\"(max-width: 555px) 100vw, 555px\" alt=\"Weibliche E-Jugend der JSpG K\u00fchnau\/DRHV06 in der Saison 2023\/2024\" width=\"555\" height=\"312\"  \/><\/a>\t<\/figure>\n<\/article>\n\n<\/div><div class=\"wf-cell\" data-post-id=\"21800\" data-date=\"2023-09-11T12:10:16+02:00\" data-name=\"Beitragsbild-11-09-2023\">\n<article class=\"post post-21800 attachment type-attachment status-inherit hentry no-img description-off\">\n\n\t<figure class=\"rollover-project links-hovers-disabled\">\n\t<a href=\"https:\/\/dessounds.ddnss.de\/drhv06\/wp-content\/uploads\/2023\/09\/Beitragsbild-11-09-2023-e1694430715213.jpg\" class=\"rollover rollover-zoom dt-pswp-item layzr-bg\" title=\"Beitragsbild-11-09-2023\" data-dt-img-description=\"\"  data-large_image_width=\"784\" data-large_image_height = \"501\"  data-dt-location=\"https:\/\/dessounds.ddnss.de\/drhv06\/2023\/09\/vorbereitungsturnier-und-saisonauftakt-geglueckt\/beitragsbild-11-09-2023\/\" ><img decoding=\"async\" class=\"preload-me jgrid-lazy-load aspect\" src=\"data:image\/svg+xml,%3Csvg%20xmlns%3D&#39;http%3A%2F%2Fwww.w3.org%2F2000%2Fsvg&#39;%20viewBox%3D&#39;0%200%20488%20312&#39;%2F%3E\" data-src=\"https:\/\/dessounds.ddnss.de\/drhv06\/wp-content\/uploads\/2023\/09\/Beitragsbild-11-09-2023-e1694430715213-488x312.jpg\" data-srcset=\"https:\/\/dessounds.ddnss.de\/drhv06\/wp-content\/uploads\/2023\/09\/Beitragsbild-11-09-2023-e1694430715213-488x312.jpg 488w, https:\/\/dessounds.ddnss.de\/drhv06\/wp-content\/uploads\/2023\/09\/Beitragsbild-11-09-2023-e1694430715213.jpg 783w\" loading=\"eager\" style=\"--ratio: 488 \/ 312\" sizes=\"(max-width: 488px) 100vw, 488px\" alt=\"\" width=\"488\" height=\"312\"  \/><\/a>\t<\/figure>\n<\/article>\n\n<\/div><\/div>[\/vc_column][\/vc_row]<\/p>\n<\/div>","protected":false},"excerpt":{"rendered":"<p>[vc_row][vc_column][vc_single_image image=&#8220;27296&#8243; img_size=&#8220;full&#8220; alignment=&#8220;center&#8220; css=&#8220;&#8220; image_hovers=&#8220;false&#8220; lazy_loading=&#8220;true&#8220;][\/vc_column][\/vc_row][vc_row][vc_column][vc_column_text css=&#8220;&#8220;] Name Vorname Position Elsper Emilie TW Bo\u00dfmann Johanna KM K\u00f6rting Lea Sophie KM B\u00f6hme Milla RL, RR Fritze Johanna RL, RM Rosenkranz Klara-Sophie RL, RM Meyer Anni RL, RR Klumb Emma RL, RR Fromm Mia-Celina RL, LA Fritze Josephine RR, RA Heinrich Lea RA M\u00f6ckel Paula LA&hellip;<\/p>\n","protected":false},"author":1,"featured_media":0,"parent":2776,"menu_order":0,"comment_status":"closed","ping_status":"closed","template":"","meta":{"_acf_changed":false,"footnotes":""},"class_list":["post-2775","page","type-page","status-publish","hentry","description-off"],"acf":[],"_links":{"self":[{"href":"https:\/\/dessounds.ddnss.de\/drhv06\/wp-json\/wp\/v2\/pages\/2775","targetHints":{"allow":["GET"]}}],"collection":[{"href":"https:\/\/dessounds.ddnss.de\/drhv06\/wp-json\/wp\/v2\/pages"}],"about":[{"href":"https:\/\/dessounds.ddnss.de\/drhv06\/wp-json\/wp\/v2\/types\/page"}],"author":[{"embeddable":true,"href":"https:\/\/dessounds.ddnss.de\/drhv06\/wp-json\/wp\/v2\/users\/1"}],"replies":[{"embeddable":true,"href":"https:\/\/dessounds.ddnss.de\/drhv06\/wp-json\/wp\/v2\/comments?post=2775"}],"version-history":[{"count":0,"href":"https:\/\/dessounds.ddnss.de\/drhv06\/wp-json\/wp\/v2\/pages\/2775\/revisions"}],"up":[{"embeddable":true,"href":"https:\/\/dessounds.ddnss.de\/drhv06\/wp-json\/wp\/v2\/pages\/2776"}],"wp:attachment":[{"href":"https:\/\/dessounds.ddnss.de\/drhv06\/wp-json\/wp\/v2\/media?parent=2775"}],"curies":[{"name":"wp","href":"https:\/\/api.w.org\/{rel}","templated":true}]}}