
{"id":3182,"date":"2019-07-20T16:44:56","date_gmt":"2019-07-20T14:44:56","guid":{"rendered":"https:\/\/www.drhv06.de\/?page_id=3182"},"modified":"2020-05-14T15:08:14","modified_gmt":"2020-05-14T14:08:14","slug":"kontakt","status":"publish","type":"page","link":"https:\/\/dessounds.ddnss.de\/drhv06\/der-verein\/kontakt\/","title":{"rendered":"Kontakt"},"content":{"rendered":"<div class=\"wpb-content-wrapper\"><p>[vc_row][vc_column][vc_column_text]<\/p>\n<h4>Nehmen Sie Kontakt mit uns auf.<\/h4>\n<p>[\/vc_column_text]<div class=\"ult-spacer spacer-69d03a1390269\" data-id=\"69d03a1390269\" data-height=\"40\" data-height-mobile=\"40\" data-height-tab=\"40\" data-height-tab-portrait=\"\" data-height-mobile-landscape=\"\" style=\"clear:both;display:block;\"><\/div>[\/vc_column][\/vc_row][vc_row][vc_column width=&#8220;1\/2&#8243;][vc_column_text]<strong>Sport Marketing Dessau-Ro\u00dflau GmbH<\/strong><\/p>\n<p>Gesch\u00e4ftsf\u00fchrer: Sebastian Glock<br \/>\nZeppelinstr. 10<br \/>\n06847 Dessau-Ro\u00dflau<\/p>\n<p><strong>Telefon:<\/strong> 0340 \/ 51 73 21<br \/>\n<strong>Fax:<\/strong> 0340 \/ 57 10 860[\/vc_column_text][\/vc_column][vc_column width=&#8220;1\/2&#8243;][vc_column_text]<strong>Dessau-Rosslauer HV 06 e.V.<\/strong><\/p>\n<p>Zeppelinstr. 10<br \/>\n06847 Dessau-Ro\u00dflau<\/p>\n<p><strong>Telefon:<\/strong> 0340 \/ 51 73 21<br \/>\n<strong>Fax:<\/strong> 0340 \/ 57 10 860[\/vc_column_text][\/vc_column][\/vc_row][vc_row][vc_column]<div class=\"ult-spacer spacer-69d03a13902f2\" data-id=\"69d03a13902f2\" data-height=\"40\" data-height-mobile=\"40\" data-height-tab=\"40\" data-height-tab-portrait=\"\" data-height-mobile-landscape=\"\" style=\"clear:both;display:block;\"><\/div>\n<div class=\"wpcf7 no-js\" id=\"wpcf7-f4-o1\" lang=\"de-DE\" dir=\"ltr\" data-wpcf7-id=\"4\">\n<div class=\"screen-reader-response\"><p role=\"status\" aria-live=\"polite\" aria-atomic=\"true\"><\/p> <ul><\/ul><\/div>\n<form action=\"\/drhv06\/wp-json\/wp\/v2\/pages\/3182#wpcf7-f4-o1\" method=\"post\" class=\"wpcf7-form init wpcf7-acceptance-as-validation\" aria-label=\"Kontaktformular\" novalidate=\"novalidate\" data-status=\"init\">\n<fieldset class=\"hidden-fields-container\"><input type=\"hidden\" name=\"_wpcf7\" value=\"4\" \/><input type=\"hidden\" name=\"_wpcf7_version\" value=\"6.1.5\" \/><input type=\"hidden\" name=\"_wpcf7_locale\" value=\"de_DE\" \/><input type=\"hidden\" name=\"_wpcf7_unit_tag\" value=\"wpcf7-f4-o1\" \/><input type=\"hidden\" name=\"_wpcf7_container_post\" value=\"0\" \/><input type=\"hidden\" name=\"_wpcf7_posted_data_hash\" value=\"\" \/><input type=\"hidden\" name=\"_wpcf7_recaptcha_response\" value=\"\" \/>\n<\/fieldset>\n<p><label> Ihr Name \/ Name des Ansprechpartners *<br \/>\n<span class=\"wpcf7-form-control-wrap\" data-name=\"des-the-name\"><input size=\"40\" maxlength=\"400\" class=\"wpcf7-form-control wpcf7-text wpcf7-validates-as-required\" aria-required=\"true\" aria-invalid=\"false\" value=\"\" type=\"text\" name=\"des-the-name\" \/><\/span> <\/label>\n<\/p>\n<p><label> ggf. Namen der Firma \/ des Vereins<br \/>\n<span class=\"wpcf7-form-control-wrap\" data-name=\"des-the-firm\"><input size=\"40\" maxlength=\"400\" class=\"wpcf7-form-control wpcf7-text\" aria-invalid=\"false\" value=\"\" type=\"text\" name=\"des-the-firm\" \/><\/span> <\/label>\n<\/p>\n<p><label> E-Mail Adresse *<br \/>\n<span class=\"wpcf7-form-control-wrap\" data-name=\"des-the-email\"><input size=\"40\" maxlength=\"400\" class=\"wpcf7-form-control wpcf7-email wpcf7-validates-as-required wpcf7-text wpcf7-validates-as-email\" aria-required=\"true\" aria-invalid=\"false\" value=\"\" type=\"email\" name=\"des-the-email\" \/><\/span> <\/label>\n<\/p>\n<p><label> Telefonnummer:<br \/>\n<span class=\"wpcf7-form-control-wrap\" data-name=\"des-the-phone\"><input size=\"40\" maxlength=\"400\" class=\"wpcf7-form-control wpcf7-tel wpcf7-text wpcf7-validates-as-tel\" aria-invalid=\"false\" placeholder=\"zb +49 340 123456789\" value=\"\" type=\"tel\" name=\"des-the-phone\" \/><\/span> <\/label>\n<\/p>\n<p><label> Thema *<br \/>\n<span class=\"wpcf7-form-control-wrap\" data-name=\"des-topic-select\"><select class=\"wpcf7-form-control wpcf7-select wpcf7-validates-as-required\" aria-required=\"true\" aria-invalid=\"false\" name=\"des-topic-select\"><option value=\"Allgemeine Frage\">Allgemeine Frage<\/option><option value=\"Marketing\">Marketing<\/option><option value=\"Ticketfragen\">Ticketfragen<\/option><option value=\"Livestream\">Livestream<\/option><option value=\"Fragen zum Spielplan\">Fragen zum Spielplan<\/option><option value=\"M\u00e4nnerbereich\">M\u00e4nnerbereich<\/option><option value=\"Frauenbereich\">Frauenbereich<\/option><option value=\"Jugendbereich\">Jugendbereich<\/option><option value=\"Fragen zur Mitgliedschaft\">Fragen zur Mitgliedschaft<\/option><\/select><\/span> <\/label>\n<\/p>\n<p><label> Betreff *<br \/>\n<span class=\"wpcf7-form-control-wrap\" data-name=\"des-the-subject\"><input size=\"40\" maxlength=\"400\" class=\"wpcf7-form-control wpcf7-text wpcf7-validates-as-required\" aria-required=\"true\" aria-invalid=\"false\" value=\"\" type=\"text\" name=\"des-the-subject\" \/><\/span> <\/label>\n<\/p>\n<p><label> Ihre Nachricht *<br \/>\n<span class=\"wpcf7-form-control-wrap\" data-name=\"des-the-message\"><textarea cols=\"40\" rows=\"10\" maxlength=\"2000\" class=\"wpcf7-form-control wpcf7-textarea wpcf7-validates-as-required\" aria-required=\"true\" aria-invalid=\"false\" name=\"des-the-message\"><\/textarea><\/span> <\/label>\n<\/p>\n<p><span class=\"wpcf7-form-control-wrap\" data-name=\"des-acceptance\"><span class=\"wpcf7-form-control wpcf7-acceptance\"><span class=\"wpcf7-list-item\"><input type=\"checkbox\" name=\"des-acceptance\" value=\"1\" aria-invalid=\"false\" \/><\/span><\/span><\/span> Ich erkl\u00e4re mich mit der Verarbeitung und Nutzung meiner pers\u00f6nlichen Daten gem\u00e4\u00df der <a href=\"https:\/\/www.drhv06.de\/datenschutzerklaerung\/\" target=\"_blank\" rel=\"noopener\">DRHV06-Datenschutzerkl\u00e4rung<\/a> einverstanden. Diese Einwilligung kann jederzeit widerrufen werden, die Daten werden dann entsprechend gel\u00f6scht.\n<\/p>\n<p>* Pflichtfeld\n<\/p>\n<p><span id=\"wpcf7-69d03a1395ead-wrapper\" class=\"wpcf7-form-control-wrap PLZ-wrap\" ><input type=\"hidden\" name=\"PLZ-time-start\" value=\"1775254035\"><input type=\"hidden\" name=\"PLZ-time-check\" value=\"3\"><label for=\"wpcf7-69d03a1395ead-field\" class=\"hp-message\">Bitte lasse dieses Feld leer.<\/label><input id=\"wpcf7-69d03a1395ead-field\"  placeholder=\"z.B. 43224\"  class=\"wpcf7-form-control wpcf7-text\" type=\"text\" name=\"PLZ\" value=\"\" size=\"40\" tabindex=\"-1\" autocomplete=\"off\" \/><\/span>\n<\/p>\n<p><input class=\"wpcf7-form-control wpcf7-submit has-spinner\" type=\"submit\" value=\"Senden\" \/>\n<\/p><div class=\"wpcf7-response-output\" aria-hidden=\"true\"><\/div>\n<\/form>\n<\/div>\n[\/vc_column][\/vc_row]<\/p>\n<\/div>","protected":false},"excerpt":{"rendered":"<p>[vc_row][vc_column][vc_column_text] Nehmen Sie Kontakt mit uns auf. [\/vc_column_text][\/vc_column][\/vc_row][vc_row][vc_column width=&#8220;1\/2&#8243;][vc_column_text]Sport Marketing Dessau-Ro\u00dflau GmbH Gesch\u00e4ftsf\u00fchrer: Sebastian Glock Zeppelinstr. 10 06847 Dessau-Ro\u00dflau Telefon: 0340 \/ 51 73 21 Fax: 0340 \/ 57 10 860[\/vc_column_text][\/vc_column][vc_column width=&#8220;1\/2&#8243;][vc_column_text]Dessau-Rosslauer HV 06 e.V. Zeppelinstr. 10 06847 Dessau-Ro\u00dflau Telefon: 0340 \/ 51 73 21 Fax: 0340 \/ 57 10 860[\/vc_column_text][\/vc_column][\/vc_row][vc_row][vc_column][\/vc_column][\/vc_row]<\/p>\n","protected":false},"author":1,"featured_media":0,"parent":392,"menu_order":0,"comment_status":"closed","ping_status":"closed","template":"","meta":{"_acf_changed":false,"footnotes":""},"class_list":["post-3182","page","type-page","status-publish","hentry","description-off"],"acf":[],"_links":{"self":[{"href":"https:\/\/dessounds.ddnss.de\/drhv06\/wp-json\/wp\/v2\/pages\/3182","targetHints":{"allow":["GET"]}}],"collection":[{"href":"https:\/\/dessounds.ddnss.de\/drhv06\/wp-json\/wp\/v2\/pages"}],"about":[{"href":"https:\/\/dessounds.ddnss.de\/drhv06\/wp-json\/wp\/v2\/types\/page"}],"author":[{"embeddable":true,"href":"https:\/\/dessounds.ddnss.de\/drhv06\/wp-json\/wp\/v2\/users\/1"}],"replies":[{"embeddable":true,"href":"https:\/\/dessounds.ddnss.de\/drhv06\/wp-json\/wp\/v2\/comments?post=3182"}],"version-history":[{"count":0,"href":"https:\/\/dessounds.ddnss.de\/drhv06\/wp-json\/wp\/v2\/pages\/3182\/revisions"}],"up":[{"embeddable":true,"href":"https:\/\/dessounds.ddnss.de\/drhv06\/wp-json\/wp\/v2\/pages\/392"}],"wp:attachment":[{"href":"https:\/\/dessounds.ddnss.de\/drhv06\/wp-json\/wp\/v2\/media?parent=3182"}],"curies":[{"name":"wp","href":"https:\/\/api.w.org\/{rel}","templated":true}]}}