
{"id":4524,"date":"2019-12-15T20:24:34","date_gmt":"2019-12-15T19:24:34","guid":{"rendered":"https:\/\/www.drhv06.de\/?page_id=4524"},"modified":"2024-12-31T21:59:41","modified_gmt":"2024-12-31T20:59:41","slug":"historie","status":"publish","type":"page","link":"https:\/\/dessounds.ddnss.de\/drhv06\/der-verein\/historie\/","title":{"rendered":"Historie"},"content":{"rendered":"<div class=\"wpb-content-wrapper\"><p>[vc_row equal_height=&#8220;yes&#8220;][vc_column width=&#8220;1\/3&#8243;][vc_single_image image=&#8220;4599&#8243; img_size=&#8220;medium&#8220; css_animation=&#8220;bounceInLeft&#8220; image_hovers=&#8220;false&#8220; lazy_loading=&#8220;true&#8220;][\/vc_column][vc_column width=&#8220;2\/3&#8243;][vc_column_text]Der DRHV 06 ist einer der traditionsreichsten Handballvereine Deutschlands. Anfang des 20. Jahrhunderts noch unter dem Namen Dessauer SV 1898 im Feldhandball aktiv, war der Verein nach der Eigeninitiative der Betriebssportgemeinschaft ZAB und dem Umbau der Lagerhalle zur Sporthalle auch im Hallenhandball erfolgreich. In den 1960er und 1970er Jahren spielte der Verein unter dem Namen BSG ZAB Dessau in der DDR-Oberliga und wurde zu einer herausragenden Handballmacht.<\/p>\n<p>Nach der Wiedervereinigung trat der Verein als Dessauer SV in der Saison 1991\/1992 in der 1. Handball Bundesliga an. Es folgten 19 Jahre in der zweigleisigen 2. Bundesliga, bis 2011 bei der Umstrukturierung der zweigleisigen 2. Bundesliga in die Eingleisigkeit, die Qualifikation daf\u00fcr verpasst wurde.<\/p>\n<p>Nach f\u00fcnf Jahren 3. Liga kn\u00fcpfte der DRHV 06 an seine Erfolgsgeschichte an und eroberte seinen Platz in der zweitst\u00e4rksten Liga der Welt zur\u00fcck, musste nach dem dritten Jahr allerdings wieder zur\u00fcck in die 3.Liga. Mit Nachhaltigkeit, einer finanziellen Sicherung durch den Sponsoren-Ring und unseren Fans, wollen wir nun das Ziel Wiederaufstieg erreichen und uns dann wieder langfristig in der 2. Handball-Bundesliga etablieren.[\/vc_column_text][\/vc_column][\/vc_row][vc_row][vc_column]<div class=\"ult-spacer spacer-69d021848dc66\" data-id=\"69d021848dc66\" data-height=\"20\" data-height-mobile=\"20\" data-height-tab=\"20\" data-height-tab-portrait=\"\" data-height-mobile-landscape=\"\" style=\"clear:both;display:block;\"><\/div>[\/vc_column][\/vc_row][vc_row][vc_column][vc_tabs interval=&#8220;0&#8243; title_size=&#8220;normal&#8220;][vc_tab title=&#8220;1889&#8243; tab_id=&#8220;e81650d6-ccc8-9&#8243;][vc_column_text]Dessauer FC von 1898 e.V.[\/vc_column_text][\/vc_tab][vc_tab title=&#8220;1919&#8243; tab_id=&#8220;ed3f859e-855e-6&#8243;][vc_column_text]Dessauer Spielvereinigung von 1898 e.V.[\/vc_column_text][vc_single_image image=&#8220;4528&#8243; img_size=&#8220;full&#8220;][\/vc_tab][vc_tab title=&#8220;1935\/36&#8243; tab_id=&#8220;1576590931544-2-5&#8243;][vc_column_text]Aufstieg in die Gauliga[\/vc_column_text][vc_single_image image=&#8220;4529&#8243; img_size=&#8220;full&#8220;][\/vc_tab][vc_tab title=&#8220;1941\/1943\/1944&#8243; tab_id=&#8220;1576590976335-3-7&#8243;][vc_column_text]Mitteldeutscher Meister\/Gaumeister[\/vc_column_text][vc_single_image image=&#8220;4530&#8243; img_size=&#8220;full&#8220;][\/vc_tab][vc_tab title=&#8220;1945&#8243; tab_id=&#8220;1576591064998-4-5&#8243;][vc_column_text]Freie Volkssportgemeinschaft Dessau-West[\/vc_column_text][vc_single_image image=&#8220;4531&#8243; img_size=&#8220;full&#8220;][\/vc_tab][vc_tab title=&#8220;1949&#8243; tab_id=&#8220;1576591102824-5-8&#8243;][vc_column_text]BSG Motor Polysius Dessau[\/vc_column_text][\/vc_tab][vc_tab title=&#8220;1951&#8243; tab_id=&#8220;1576591123670-6-0&#8243;][vc_column_text]BSG Stahl Nord-West Dessau[\/vc_column_text][\/vc_tab][vc_tab title=&#8220;1952&#8243; tab_id=&#8220;1576591159165-7-0&#8243;][vc_column_text]BSG Motor Nord-West Dessau[\/vc_column_text][vc_single_image image=&#8220;4532&#8243; img_size=&#8220;full&#8220;][\/vc_tab][vc_tab title=&#8220;1953&#8243; tab_id=&#8220;1576591353388-8-10&#8243;][vc_column_text]BSG Motor Polysius Dessau[\/vc_column_text][\/vc_tab][vc_tab title=&#8220;1957&#8243; tab_id=&#8220;1576591372332-9-10&#8243;][vc_column_text]BSG Motor Polysius Dessau[\/vc_column_text][vc_single_image image=&#8220;4533&#8243; img_size=&#8220;full&#8220;][\/vc_tab][vc_tab title=&#8220;1990&#8243; tab_id=&#8220;1576591408484-10-8&#8243;][vc_column_text]Dessauer SV ZAB[\/vc_column_text][\/vc_tab][vc_tab title=&#8220;1996&#8243; tab_id=&#8220;1576591429355-11-9&#8243;][vc_column_text]Dessauer HV von 1996 e.V.[\/vc_column_text][\/vc_tab][vc_tab title=&#8220;2006&#8243; tab_id=&#8220;1576591456180-12-0&#8243;][vc_column_text]<strong>Dessau-Ro\u00dflauer HV von 2006 e.V.<\/strong><\/p>\n<p>Zusammenschluss von Dessauer HV 96 und Ro\u00dflauer HV Jahn 1924[\/vc_column_text][\/vc_tab][\/vc_tabs][\/vc_column][\/vc_row]<\/p>\n<\/div>","protected":false},"excerpt":{"rendered":"<p>[vc_row equal_height=&#8220;yes&#8220;][vc_column width=&#8220;1\/3&#8243;][vc_single_image image=&#8220;4599&#8243; img_size=&#8220;medium&#8220; css_animation=&#8220;bounceInLeft&#8220; image_hovers=&#8220;false&#8220; lazy_loading=&#8220;true&#8220;][\/vc_column][vc_column width=&#8220;2\/3&#8243;][vc_column_text]Der DRHV 06 ist einer der traditionsreichsten Handballvereine Deutschlands. Anfang des 20. Jahrhunderts noch unter dem Namen Dessauer SV 1898 im Feldhandball aktiv, war der Verein nach der Eigeninitiative der Betriebssportgemeinschaft ZAB und dem Umbau der Lagerhalle zur Sporthalle auch im Hallenhandball erfolgreich. In den 1960er und&hellip;<\/p>\n","protected":false},"author":1,"featured_media":0,"parent":392,"menu_order":0,"comment_status":"closed","ping_status":"closed","template":"","meta":{"_acf_changed":false,"footnotes":""},"class_list":["post-4524","page","type-page","status-publish","hentry","description-off"],"acf":[],"_links":{"self":[{"href":"https:\/\/dessounds.ddnss.de\/drhv06\/wp-json\/wp\/v2\/pages\/4524","targetHints":{"allow":["GET"]}}],"collection":[{"href":"https:\/\/dessounds.ddnss.de\/drhv06\/wp-json\/wp\/v2\/pages"}],"about":[{"href":"https:\/\/dessounds.ddnss.de\/drhv06\/wp-json\/wp\/v2\/types\/page"}],"author":[{"embeddable":true,"href":"https:\/\/dessounds.ddnss.de\/drhv06\/wp-json\/wp\/v2\/users\/1"}],"replies":[{"embeddable":true,"href":"https:\/\/dessounds.ddnss.de\/drhv06\/wp-json\/wp\/v2\/comments?post=4524"}],"version-history":[{"count":0,"href":"https:\/\/dessounds.ddnss.de\/drhv06\/wp-json\/wp\/v2\/pages\/4524\/revisions"}],"up":[{"embeddable":true,"href":"https:\/\/dessounds.ddnss.de\/drhv06\/wp-json\/wp\/v2\/pages\/392"}],"wp:attachment":[{"href":"https:\/\/dessounds.ddnss.de\/drhv06\/wp-json\/wp\/v2\/media?parent=4524"}],"curies":[{"name":"wp","href":"https:\/\/api.w.org\/{rel}","templated":true}]}}