
{"id":4607,"date":"2019-12-17T15:58:50","date_gmt":"2019-12-17T14:58:50","guid":{"rendered":"https:\/\/www.drhv06.de\/?page_id=4607"},"modified":"2025-07-22T22:46:30","modified_gmt":"2025-07-22T20:46:30","slug":"tickets","status":"publish","type":"page","link":"https:\/\/dessounds.ddnss.de\/drhv06\/tickets\/","title":{"rendered":"Tickets &#8211; Saison 25\/26"},"content":{"rendered":"<div class=\"wpb-content-wrapper\"><p>[vc_row gap=&#8220;10&#8243; content_placement=&#8220;top&#8220;][vc_column width=&#8220;1\/2&#8243; el_class=&#8220;ticket-column&#8220;][vc_column_text]<\/p>\n<h3><strong>Vorverkaufsstellen:<\/strong><\/h3>\n<p>[\/vc_column_text][vc_row_inner equal_height=&#8220;yes&#8220; content_placement=&#8220;top&#8220; gap=&#8220;10&#8243;][vc_column_inner width=&#8220;1\/2&#8243; offset=&#8220;vc_col-xs-6&#8243;][vc_column_text]<strong>Tourist-Information Dessau<\/strong><\/p>\n<p>Ratsgasse 11<br \/>\n06844 Dessau-Ro\u00dflau<\/p>\n<h5>\u00d6ffnungszeiten<\/h5>\n<p>April \u2013 Oktober<br \/>\nMo. \u2013 Fr.: 10:00 Uhr \u2013 18:00 Uhr<br \/>\nSa.: 10:00 Uhr \u2013 15:00 Uhr<br \/>\nNovember \u2013 M\u00e4rz<br \/>\nMo. \u2013 Fr.: 10:00 Uhr \u2013 17:00 Uhr<br \/>\nSa.: 10:00 Uhr \u2013 14:00 Uhr[\/vc_column_text]<div class=\"ult-spacer spacer-69d067dd2784b\" data-id=\"69d067dd2784b\" data-height=\"20\" data-height-mobile=\"20\" data-height-tab=\"20\" data-height-tab-portrait=\"\" data-height-mobile-landscape=\"\" style=\"clear:both;display:block;\"><\/div>[\/vc_column_inner][vc_column_inner width=&#8220;1\/2&#8243; offset=&#8220;vc_col-xs-6&#8243;][vc_column_text]<strong>Tourist-Information Ro\u00dflau<\/strong><\/p>\n<p>Hauptstra\u00dfe 11<br \/>\n06862 Dessau-Ro\u00dflau<\/p>\n<h5>\u00d6ffnungszeiten<\/h5>\n<p>Mo.: 10:00 Uhr \u2013 12:00 Uhr<br \/>\n13:00 Uhr \u2013 14:00 Uhr<br \/>\nDi.:\u00a0 \u00a010:00 Uhr \u2013 12:00 Uhr<br \/>\n13:00 Uhr \u2013 18:00 Uhr<br \/>\nDo.:\u00a0 13:00 Uhr \u2013 18:00 Uhr<br \/>\nFr.:\u00a0 \u00a0 10:00 Uhr \u2013 12:00 Uhr[\/vc_column_text]<div class=\"ult-spacer spacer-69d067dd278c3\" data-id=\"69d067dd278c3\" data-height=\"20\" data-height-mobile=\"20\" data-height-tab=\"20\" data-height-tab-portrait=\"\" data-height-mobile-landscape=\"\" style=\"clear:both;display:block;\"><\/div>[\/vc_column_inner][\/vc_row_inner][vc_row_inner equal_height=&#8220;yes&#8220; content_placement=&#8220;top&#8220; gap=&#8220;10&#8243;][vc_column_inner width=&#8220;1\/2&#8243; offset=&#8220;vc_col-xs-6&#8243;][vc_column_text]<strong>Verbindungspunkt Dessau<\/strong><\/p>\n<p>Zerbster Str. 19<br \/>\n06844 Dessau-Ro\u00dflau<\/p>\n<h5>\u00d6ffnungszeiten<\/h5>\n<p>Mo.: 09:00 Uhr &#8211; 13:00 Uhr<br \/>\nDi.: 10:00 Uhr &#8211; 18:00 Uhr<br \/>\nMi.: 09:00 Uhr &#8211; 13:00 Uhr<br \/>\nDo.: 10:00 Uhr &#8211; 18:00 Uhr<br \/>\nFr.: 09:00 Uhr &#8211; 13:00 Uhr<br \/>\nSa.: geschlossen[\/vc_column_text][\/vc_column_inner][vc_column_inner width=&#8220;1\/2&#8243; offset=&#8220;vc_col-xs-6&#8243;][\/vc_column_inner][\/vc_row_inner][\/vc_column][vc_column width=&#8220;1\/2&#8243; offset=&#8220;vc_col-md-6 vc_col-xs-12&#8243;]\n    <!-- \/\/start nhg -->\n<div class=\"drhv_nhg_container\">\n            <div class=\"nhg_no_data\">\n            <img decoding=\"async\" src=\"https:\/\/dessounds.ddnss.de\/drhv06\/wp-content\/themes\/dt-the7-child\/assets\/img\/drhv06-logo-1F-drhv_weiss-vector.svg\" \/>\n            <p>Keine weiteren Spiele geplant.<\/p>\n        <\/div>\n\n    \n<!-- \/\/ende nhg -->\n<\/div>\n\n<div class=\"ult-spacer spacer-69d067dd2d2db\" data-id=\"69d067dd2d2db\" data-height=\"20\" data-height-mobile=\"20\" data-height-tab=\"20\" data-height-tab-portrait=\"\" data-height-mobile-landscape=\"\" style=\"clear:both;display:block;\"><\/div>[vc_column_text]<\/p>\n<h3><strong>Online-Tickets:<\/strong><\/h3>\n<p>[\/vc_column_text][vc_btn title=&#8220;zum Online-Ticketshop hier klicken&#8220; style=&#8220;flat&#8220; shape=&#8220;square&#8220; color=&#8220;warning&#8220; size=&#8220;lg&#8220; link=&#8220;url:https%3A%2F%2Fshops.ticketmasterpartners.com%2Fdessau-rosslauer-hv-06||target:%20_blank|&#8220;]<div class=\"ult-spacer spacer-69d067dd2d328\" data-id=\"69d067dd2d328\" data-height=\"20\" data-height-mobile=\"20\" data-height-tab=\"20\" data-height-tab-portrait=\"\" data-height-mobile-landscape=\"\" style=\"clear:both;display:block;\"><\/div>[\/vc_column][\/vc_row][vc_row gap=&#8220;20&#8243;][vc_column width=&#8220;1\/2&#8243;]<div class=\"dt-fancy-separator\" style=\"width: 100%;\"><div class=\"dt-fancy-title\"><span class=\"separator-holder separator-left\"><\/span>Ticketpreise<span class=\"separator-holder separator-right\"><\/span><\/div><\/div><div class=\"ult-spacer spacer-69d067dd2d42b\" data-id=\"69d067dd2d42b\" data-height=\"10\" data-height-mobile=\"10\" data-height-tab=\"10\" data-height-tab-portrait=\"\" data-height-mobile-landscape=\"\" style=\"clear:both;display:block;\"><\/div>[vc_row_inner gap=&#8220;10&#8243;][vc_column_inner width=&#8220;1\/2&#8243;][vc_column_text]<\/p>\n<table class=\"drhv-ticket-table drhv-cat-1-table\">\n<tbody>\n<tr>\n<th class=\"drhv-orange-bg drhv-ticket-header\">Kategorie 1<br \/>\n(Block B und H)<\/th>\n<th>Tagesticket<\/th>\n<\/tr>\n<tr>\n<th style=\"text-align: left;\">Vollzahler<\/th>\n<td>18,00 \u20ac<\/td>\n<\/tr>\n<tr>\n<th style=\"text-align: left;\">Erm\u00e4\u00dfigt *<\/th>\n<td>15,00 \u20ac<\/td>\n<\/tr>\n<tr>\n<th style=\"text-align: left;\">Kind **<\/th>\n<td>11,00 \u20ac<\/td>\n<\/tr>\n<\/tbody>\n<\/table>\n<p>[\/vc_column_text][vc_column_text]<\/p>\n<table class=\"drhv-ticket-table drhv-cat-2-table\">\n<tbody>\n<tr>\n<th class=\"drhv-hellblau-bg drhv-ticket-header\">Kategorie 2<br \/>\n(Block A,C,G,I)<\/th>\n<th>Tagesticket<\/th>\n<\/tr>\n<tr>\n<th style=\"text-align: left;\">Vollzahler<\/th>\n<td>17,00 \u20ac<\/td>\n<\/tr>\n<tr>\n<th style=\"text-align: left;\">Erm\u00e4\u00dfigt *<\/th>\n<td>14,00 \u20ac<\/td>\n<\/tr>\n<tr>\n<th style=\"text-align: left;\">Kind **<\/th>\n<td>10,00 \u20ac<\/td>\n<\/tr>\n<\/tbody>\n<\/table>\n<p>[\/vc_column_text][\/vc_column_inner][vc_column_inner width=&#8220;1\/2&#8243;][vc_column_text]<\/p>\n<table class=\"drhv-ticket-table drhv-cat-3-table\">\n<tbody>\n<tr>\n<th class=\"drhv-dunkelblau-bg drhv-weiss drhv-ticket-header\">Kategorie 3<br \/>\n(Block D,E,F)<\/th>\n<th>Tagesticket<\/th>\n<\/tr>\n<tr>\n<th style=\"text-align: left;\">Vollzahler<\/th>\n<td>16,00 \u20ac<\/td>\n<\/tr>\n<tr>\n<th style=\"text-align: left;\">Erm\u00e4\u00dfigt *<\/th>\n<td>13,00 \u20ac<\/td>\n<\/tr>\n<tr>\n<th style=\"text-align: left;\">Kind **<\/th>\n<td>9,00 \u20ac<\/td>\n<\/tr>\n<\/tbody>\n<\/table>\n<p>[\/vc_column_text][vc_column_text]<\/p>\n<table class=\"drhv-ticket-table drhv-cat-4-table\">\n<tbody>\n<tr>\n<th class=\"drhv-gruen-bg drhv-weiss drhv-ticket-header\">Kategorie 4<br \/>\n(Block K)<\/th>\n<th>Tagesticket<\/th>\n<\/tr>\n<tr>\n<th style=\"text-align: left;\">Vollzahler<\/th>\n<td>15,00 \u20ac<\/td>\n<\/tr>\n<tr>\n<th style=\"text-align: left;\">Erm\u00e4\u00dfigt *<\/th>\n<td>12,00 \u20ac<\/td>\n<\/tr>\n<tr>\n<th style=\"text-align: left;\">Kind **<\/th>\n<td>8,00 \u20ac<\/td>\n<\/tr>\n<\/tbody>\n<\/table>\n<p>[\/vc_column_text][\/vc_column_inner][\/vc_row_inner][\/vc_column][vc_column width=&#8220;1\/2&#8243;]<div class=\"dt-fancy-separator\" style=\"width: 100%;\"><div class=\"dt-fancy-title\"><span class=\"separator-holder separator-left\"><\/span>Hallenplan<span class=\"separator-holder separator-right\"><\/span><\/div><\/div><div class=\"ult-spacer spacer-69d067dd2d4bd\" data-id=\"69d067dd2d4bd\" data-height=\"10\" data-height-mobile=\"10\" data-height-tab=\"10\" data-height-tab-portrait=\"\" data-height-mobile-landscape=\"\" style=\"clear:both;display:block;\"><\/div>[vc_single_image image=&#8220;19874&#8243; img_size=&#8220;large&#8220; alignment=&#8220;center&#8220; image_hovers=&#8220;false&#8220; lazy_loading=&#8220;true&#8220;][\/vc_column][\/vc_row][vc_row][vc_column]<div class=\"ult-spacer spacer-69d067dd2d4eb\" data-id=\"69d067dd2d4eb\" data-height=\"10\" data-height-mobile=\"10\" data-height-tab=\"10\" data-height-tab-portrait=\"\" data-height-mobile-landscape=\"\" style=\"clear:both;display:block;\"><\/div>[\/vc_column][\/vc_row][vc_row][vc_column]<div class=\"dt-fancy-separator\" style=\"width: 100%;\"><div class=\"dt-fancy-title\"><span class=\"separator-holder separator-left\"><\/span>Ticketpreise<span class=\"separator-holder separator-right\"><\/span><\/div><\/div><div class=\"ult-spacer spacer-69d067dd2d54f\" data-id=\"69d067dd2d54f\" data-height=\"10\" data-height-mobile=\"10\" data-height-tab=\"10\" data-height-tab-portrait=\"\" data-height-mobile-landscape=\"\" style=\"clear:both;display:block;\"><\/div>[vc_column_text css=&#8220;&#8220;]<em>*) Erm\u00e4\u00dfigte Tickets gibt es f\u00fcr Sch\u00fcler, Auszubildende und Schwerbesch\u00e4digte. Erm\u00e4\u00dfigung gilt nur bei Vorlage des Nachweises beim Eintritt in die Halle.<\/em><\/p>\n<p><em>**) Kinderkarten f\u00fcr Besucher im Alter von 7 bis einschlie\u00dflich 14 Jahre. Kinder unter 7 Jahre haben freien Eintritt.<\/em><\/p>\n<p>Der Block f\u00fcr unsere G\u00e4ste in der Anhalt-Arena ist der F-Block.<\/p>\n<p>Die Saison beginnt mit dem ersten Heimspiel am 07.09.2024 und endet mit dem letzten Heimspiel am 07.06.2025. Weitere Informationen zu unseren Tickets entnehmen Sie den AGBs[\/vc_column_text]<div class=\"ult-spacer spacer-69d067dd2d577\" data-id=\"69d067dd2d577\" data-height=\"10\" data-height-mobile=\"10\" data-height-tab=\"10\" data-height-tab-portrait=\"\" data-height-mobile-landscape=\"\" style=\"clear:both;display:block;\"><\/div>[vc_column_text]<\/p>\n<table>\n<tbody>\n<tr>\n<td><strong>Familientickets<br \/>\n<\/strong><em>(Diese Tickets sind nur an der Tageskasse verf\u00fcgbar)<\/em><\/td>\n<td><\/td>\n<\/tr>\n<tr>\n<td>2 Erwachsene + 1 Kind (bis 14 Jahre)<\/td>\n<td>35,00 \u20ac<\/td>\n<\/tr>\n<tr>\n<td>2 Erwachsene + bis zu 3 Kinder (bis 14 Jahre)<\/td>\n<td>40,00 \u20ac<\/td>\n<\/tr>\n<\/tbody>\n<\/table>\n<p>[\/vc_column_text]<div class=\"ult-spacer spacer-69d067dd2d5b0\" data-id=\"69d067dd2d5b0\" data-height=\"10\" data-height-mobile=\"10\" data-height-tab=\"10\" data-height-tab-portrait=\"\" data-height-mobile-landscape=\"\" style=\"clear:both;display:block;\"><\/div>[vc_btn title=&#8220;Allgemeine Ticket-Gesch\u00e4ftsbedingungen&#8220; style=&#8220;flat&#8220; shape=&#8220;square&#8220; color=&#8220;drhv-standardblau&#8220; size=&#8220;lg&#8220; i_icon_fontawesome=&#8220;fas fa-ticket-alt&#8220; add_icon=&#8220;true&#8220; link=&#8220;url:https%3A%2F%2Fwww.drhv06.de%2Fallgemeine-ticket-geschaeftsbedingungen%2F|title:Allgemeine%20Ticket-Gesch%C3%A4ftsbedingungen%20des%20DRHV%2006|target:%20_blank|&#8220;]<div class=\"ult-spacer spacer-69d067dd2d5d7\" data-id=\"69d067dd2d5d7\" data-height=\"10\" data-height-mobile=\"10\" data-height-tab=\"10\" data-height-tab-portrait=\"\" data-height-mobile-landscape=\"\" style=\"clear:both;display:block;\"><\/div>[\/vc_column][\/vc_row][vc_row][vc_column]<div class=\"dt-fancy-separator\" style=\"width: 100%;\"><div class=\"dt-fancy-title\"><span class=\"separator-holder separator-left\"><\/span>Sonderaktion f\u00fcr Gruppen und Vereine<span class=\"separator-holder separator-right\"><\/span><\/div><\/div><div class=\"ult-spacer spacer-69d067dd2d633\" data-id=\"69d067dd2d633\" data-height=\"10\" data-height-mobile=\"10\" data-height-tab=\"10\" data-height-tab-portrait=\"\" data-height-mobile-landscape=\"\" style=\"clear:both;display:block;\"><\/div>[vc_column_text]Nat\u00fcrlich erhalten Gruppen, Vereine, und soziale Einrichtungen Tickets zu Sonderkonditionen.<\/p>\n<p>Sie wollen ihren Geburtstag bei uns feiern? Auch das machen wir m\u00f6glich. Gerne erstellen wir Ihnen ihr individuelles Angebot gem\u00e4\u00df ihre W\u00fcnschen und Anspr\u00fcchen.<\/p>\n<p>Bestellung via Telefon 0340-517321 oder klickt auf den Button und schickt uns Eure Anfrage per E-Mail.[\/vc_column_text]<div class=\"ult-spacer spacer-69d067dd2d657\" data-id=\"69d067dd2d657\" data-height=\"10\" data-height-mobile=\"10\" data-height-tab=\"10\" data-height-tab-portrait=\"\" data-height-mobile-landscape=\"\" style=\"clear:both;display:block;\"><\/div>[vc_btn title=&#8220;Anfrage per Mail senden&#8220; style=&#8220;flat&#8220; shape=&#8220;square&#8220; color=&#8220;drhv-standardblau&#8220; i_icon_fontawesome=&#8220;fas fa-address-book&#8220; css_animation=&#8220;fadeInLeft&#8220; add_icon=&#8220;true&#8220; link=&#8220;url:https%3A%2F%2Fwww.drhv06.de%2Fder-verein%2Fkontakt%2F|title:Kontakt||&#8220;][\/vc_column][\/vc_row]<\/p>\n<\/div>","protected":false},"excerpt":{"rendered":"<p>[vc_row gap=&#8220;10&#8243; content_placement=&#8220;top&#8220;][vc_column width=&#8220;1\/2&#8243; el_class=&#8220;ticket-column&#8220;][vc_column_text] Vorverkaufsstellen: [\/vc_column_text][vc_row_inner equal_height=&#8220;yes&#8220; content_placement=&#8220;top&#8220; gap=&#8220;10&#8243;][vc_column_inner width=&#8220;1\/2&#8243; offset=&#8220;vc_col-xs-6&#8243;][vc_column_text]Tourist-Information Dessau Ratsgasse 11 06844 Dessau-Ro\u00dflau \u00d6ffnungszeiten April \u2013 Oktober Mo. \u2013 Fr.: 10:00 Uhr \u2013 18:00 Uhr Sa.: 10:00 Uhr \u2013 15:00 Uhr November \u2013 M\u00e4rz Mo. \u2013 Fr.: 10:00 Uhr \u2013 17:00 Uhr Sa.: 10:00 Uhr \u2013 14:00 Uhr[\/vc_column_text][\/vc_column_inner][vc_column_inner width=&#8220;1\/2&#8243; offset=&#8220;vc_col-xs-6&#8243;][vc_column_text]Tourist-Information Ro\u00dflau&hellip;<\/p>\n","protected":false},"author":1,"featured_media":0,"parent":0,"menu_order":0,"comment_status":"closed","ping_status":"closed","template":"","meta":{"_acf_changed":false,"footnotes":""},"class_list":["post-4607","page","type-page","status-publish","hentry","description-off"],"acf":[],"_links":{"self":[{"href":"https:\/\/dessounds.ddnss.de\/drhv06\/wp-json\/wp\/v2\/pages\/4607","targetHints":{"allow":["GET"]}}],"collection":[{"href":"https:\/\/dessounds.ddnss.de\/drhv06\/wp-json\/wp\/v2\/pages"}],"about":[{"href":"https:\/\/dessounds.ddnss.de\/drhv06\/wp-json\/wp\/v2\/types\/page"}],"author":[{"embeddable":true,"href":"https:\/\/dessounds.ddnss.de\/drhv06\/wp-json\/wp\/v2\/users\/1"}],"replies":[{"embeddable":true,"href":"https:\/\/dessounds.ddnss.de\/drhv06\/wp-json\/wp\/v2\/comments?post=4607"}],"version-history":[{"count":2,"href":"https:\/\/dessounds.ddnss.de\/drhv06\/wp-json\/wp\/v2\/pages\/4607\/revisions"}],"predecessor-version":[{"id":31226,"href":"https:\/\/dessounds.ddnss.de\/drhv06\/wp-json\/wp\/v2\/pages\/4607\/revisions\/31226"}],"wp:attachment":[{"href":"https:\/\/dessounds.ddnss.de\/drhv06\/wp-json\/wp\/v2\/media?parent=4607"}],"curies":[{"name":"wp","href":"https:\/\/api.w.org\/{rel}","templated":true}]}}